{"id":216,"date":"2020-12-17T09:16:41","date_gmt":"2020-12-17T09:16:41","guid":{"rendered":"https:\/\/www.gavias-theme.com\/wp\/kitecx\/buildings\/"},"modified":"2021-08-03T09:22:06","modified_gmt":"2021-08-03T09:22:06","slug":"oferta","status":"publish","type":"page","link":"https:\/\/mbkop.pl\/index.php\/oferta\/","title":{"rendered":"Oferta"},"content":{"rendered":"\t\t<div data-elementor-type=\"wp-page\" data-elementor-id=\"216\" class=\"elementor elementor-216\" data-elementor-settings=\"[]\">\n\t\t\t\t\t\t\t<div class=\"elementor-section-wrap\">\n\t\t\t\t\t\t\t<section class=\"elementor-section elementor-top-section elementor-element elementor-element-1e86725 elementor-section-boxed elementor-section-height-default elementor-section-height-default row-top\" data-id=\"1e86725\" data-element_type=\"section\">\n\t\t\t\t\t\t<div class=\"elementor-container elementor-column-gap-default\">\n\t\t\t\t\t<div class=\"elementor-column elementor-col-50 elementor-top-column elementor-element elementor-element-5b552bd column-style-top\" data-id=\"5b552bd\" data-element_type=\"column\" data-settings=\"{&quot;background_background&quot;:&quot;classic&quot;}\">\n\t\t\t<div class=\"elementor-widget-wrap elementor-element-populated\">\n\t\t\t\t\t\t\t\t<div class=\"elementor-element elementor-element-892d406 elementor-widget elementor-widget-spacer\" data-id=\"892d406\" data-element_type=\"widget\" data-widget_type=\"spacer.default\">\n\t\t\t\t<div class=\"elementor-widget-container\">\n\t\t\t\t\t<div class=\"elementor-spacer\">\n\t\t\t<div class=\"elementor-spacer-inner\"><\/div>\n\t\t<\/div>\n\t\t\t\t<\/div>\n\t\t\t\t<\/div>\n\t\t\t\t\t<\/div>\n\t\t<\/div>\n\t\t\t\t<div class=\"elementor-column elementor-col-50 elementor-top-column elementor-element elementor-element-2008ce7 column-style-top\" data-id=\"2008ce7\" data-element_type=\"column\" data-settings=\"{&quot;background_background&quot;:&quot;classic&quot;}\">\n\t\t\t<div class=\"elementor-widget-wrap elementor-element-populated\">\n\t\t\t\t\t\t\t\t<div class=\"elementor-element elementor-element-dec9e09 elementor-widget elementor-widget-gva-heading-block\" data-id=\"dec9e09\" data-element_type=\"widget\" data-widget_type=\"gva-heading-block.default\">\n\t\t\t\t<div class=\"elementor-widget-container\">\n\t\t\t<div class=\"gva-element-gva-heading-block gva-element\">   <div class=\"align-left style-1 widget gsc-heading box-align-left auto-responsive\">\r\n      <div class=\"content-inner\">\r\n         \r\n                  \r\n                     <div class=\"sub-title\"><span>Nasza firma<\/span><\/div>\r\n           \r\n         \r\n                     <h2 class=\"title\">\r\n               <span>Oferuje szereg us\u0142ug:<\/span>\r\n            <\/h2>\r\n                              <div class=\"title-desc\">- Niwelacja terenu<br>- Budowa dr\u00f3g do posesji<br>- Wykopy pod przy\u0142\u0105cza<br>- Kopanie fundament\u00f3w<br>- Wykopy pod oczyszczalnie etc.<br>- Rozbi\u00f3rki<br>- Wiele, wiele innych<\/div>\r\n         \r\n         \r\n      <\/div>\r\n   <\/div>\r\n<\/div>\t\t<\/div>\n\t\t\t\t<\/div>\n\t\t\t\t\t<\/div>\n\t\t<\/div>\n\t\t\t\t\t\t\t<\/div>\n\t\t<\/section>\n\t\t\t\t<section class=\"elementor-section elementor-top-section elementor-element elementor-element-73d282d2 elementor-section-boxed elementor-section-height-default elementor-section-height-default row-top\" data-id=\"73d282d2\" data-element_type=\"section\" data-settings=\"{&quot;background_background&quot;:&quot;classic&quot;}\">\n\t\t\t\t\t\t<div class=\"elementor-container elementor-column-gap-default\">\n\t\t\t\t\t<div class=\"elementor-column elementor-col-100 elementor-top-column elementor-element elementor-element-a406c5e column-style-top\" data-id=\"a406c5e\" data-element_type=\"column\">\n\t\t\t<div class=\"elementor-widget-wrap elementor-element-populated\">\n\t\t\t\t\t\t\t\t<div class=\"elementor-element elementor-element-34a9c0d3 elementor-widget elementor-widget-gva-heading-block\" data-id=\"34a9c0d3\" data-element_type=\"widget\" data-widget_type=\"gva-heading-block.default\">\n\t\t\t\t<div class=\"elementor-widget-container\">\n\t\t\t<div class=\"gva-element-gva-heading-block gva-element\">   <div class=\"align-center style-1 widget gsc-heading box-align-left auto-responsive\">\r\n      <div class=\"content-inner\">\r\n         \r\n                  \r\n                     <div class=\"sub-title\"><span>Pracujemy na<\/span><\/div>\r\n           \r\n         \r\n                     <h2 class=\"title\">\r\n               <span>Profesjonalnym sprz\u0119cie<\/span>\r\n            <\/h2>\r\n                  \r\n         \r\n      <\/div>\r\n   <\/div>\r\n<\/div>\t\t<\/div>\n\t\t\t\t<\/div>\n\t\t\t\t<div class=\"elementor-element elementor-element-7c97212 elementor-widget elementor-widget-gva-services-group\" data-id=\"7c97212\" data-element_type=\"widget\" data-widget_type=\"gva-services-group.default\">\n\t\t\t\t<div class=\"elementor-widget-container\">\n\t\t\t<div class=\"gva-element-gva-services-group gva-element\">\r\n<div class=\"gsc-services-group layout-carousel style-1 no-gutter\">\r\n   <div class=\"init-carousel-owl owl-carousel\" data-items=\"3\" data-items_lg=\"3\" data-items_md=\"3\" data-items_sm=\"2\" data-items_xs=\"1\" data-items_xx=\"1\" data-loop=\"1\" data-speed=\"800\" data-auto_play=\"0\" data-auto_play_speed=\"800\" data-auto_play_timeout=\"6000\" data-auto_play_hover=\"1\" data-navigation=\"1\" data-pagination=\"0\" data-mouse_drag=\"1\" data-touch_drag=\"1\" >\r\n               <div class=\"item\">\r\n            \r\n   <div class=\"service-item style-1\">\r\n      <div class=\"service-item-content\">\r\n\t\t\t\r\n\t\t\t\t\t\t\t<h3 class=\"title\"><span>Koparka g\u0105sienicowa<\/span><\/h3>\r\n\t\t\t\r\n\t\t\t\t\t\t\t<div class=\"desc\">LIEBHERR 924<\/div>\r\n\t\t\t\r\n\t\t\t\r\n\t\t\t\t\t\t\t<span class=\"box-icon\">\r\n\t\t\t\t\t<i aria-hidden=\"true\" class=\" la la-navicon\"><\/i>\t\t\t\t<\/span>\r\n\t\t\t\r\n\t\t<\/div>\r\n\t\t<div class=\"service-box-background\"><\/div>\r\n\t\t\t<\/div>\t\t\r\n\t\r\n\r\n\r\n<!-- Style II -->\r\n\t         <\/div>\r\n               <div class=\"item\">\r\n            \r\n   <div class=\"service-item style-1\">\r\n      <div class=\"service-item-content\">\r\n\t\t\t\r\n\t\t\t\t\t\t\t<h3 class=\"title\"><span>Koparka<\/span><\/h3>\r\n\t\t\t\r\n\t\t\t\t\t\t\t<div class=\"desc\">New Holland LB 115<\/div>\r\n\t\t\t\r\n\t\t\t\r\n\t\t\t\t\t\t\t<span class=\"box-icon\">\r\n\t\t\t\t\t<i aria-hidden=\"true\" class=\" la la-reorder\"><\/i>\t\t\t\t<\/span>\r\n\t\t\t\r\n\t\t<\/div>\r\n\t\t<div class=\"service-box-background\"><\/div>\r\n\t\t\t<\/div>\t\t\r\n\t\r\n\r\n\r\n<!-- Style II -->\r\n\t         <\/div>\r\n               <div class=\"item\">\r\n            \r\n   <div class=\"service-item style-1\">\r\n      <div class=\"service-item-content\">\r\n\t\t\t\r\n\t\t\t\t\t\t\t<h3 class=\"title\"><span>Transport<\/span><\/h3>\r\n\t\t\t\r\n\t\t\t\t\t\t\t<div class=\"desc\"><br><\/div>\r\n\t\t\t\r\n\t\t\t\r\n\t\t\t\t\t\t\t<span class=\"box-icon\">\r\n\t\t\t\t\t<i aria-hidden=\"true\" class=\" la la-reorder\"><\/i>\t\t\t\t<\/span>\r\n\t\t\t\r\n\t\t<\/div>\r\n\t\t<div class=\"service-box-background\"><\/div>\r\n\t\t\t<\/div>\t\t\r\n\t\r\n\r\n\r\n<!-- Style II -->\r\n\t         <\/div>\r\n         <\/div>\r\n<\/div>\r\n<\/div>\t\t<\/div>\n\t\t\t\t<\/div>\n\t\t\t\t\t<\/div>\n\t\t<\/div>\n\t\t\t\t\t\t\t<\/div>\n\t\t<\/section>\n\t\t\t\t<section class=\"elementor-section elementor-top-section elementor-element elementor-element-55f52cd5 elementor-section-boxed elementor-section-height-default elementor-section-height-default row-top\" data-id=\"55f52cd5\" data-element_type=\"section\" data-settings=\"{&quot;background_background&quot;:&quot;classic&quot;}\">\n\t\t\t\t\t\t<div class=\"elementor-container elementor-column-gap-default\">\n\t\t\t\t\t<div class=\"elementor-column elementor-col-100 elementor-top-column elementor-element elementor-element-1ded69a3 column-style-top\" data-id=\"1ded69a3\" data-element_type=\"column\">\n\t\t\t<div class=\"elementor-widget-wrap elementor-element-populated\">\n\t\t\t\t\t\t\t\t<section class=\"elementor-section elementor-inner-section elementor-element elementor-element-43807401 elementor-section-boxed elementor-section-height-default elementor-section-height-default row-top\" data-id=\"43807401\" data-element_type=\"section\">\n\t\t\t\t\t\t<div class=\"elementor-container elementor-column-gap-default\">\n\t\t\t\t\t<div class=\"elementor-column elementor-col-100 elementor-inner-column elementor-element elementor-element-3a24186c column-style-top\" data-id=\"3a24186c\" data-element_type=\"column\">\n\t\t\t<div class=\"elementor-widget-wrap elementor-element-populated\">\n\t\t\t\t\t\t\t\t<div class=\"elementor-element elementor-element-73568ca7 elementor-widget elementor-widget-gva-heading-block\" data-id=\"73568ca7\" data-element_type=\"widget\" data-widget_type=\"gva-heading-block.default\">\n\t\t\t\t<div class=\"elementor-widget-container\">\n\t\t\t<div class=\"gva-element-gva-heading-block gva-element\">   <div class=\"align-center style-1 widget gsc-heading box-align-center auto-responsive\">\r\n      <div class=\"content-inner\">\r\n         \r\n                  \r\n           \r\n         \r\n                     <h2 class=\"title\">\r\n               <span>Zaufaj ekspertom<\/span>\r\n            <\/h2>\r\n                  \r\n                     <div class=\"heading-action\">\r\n               \t\t  <a href=\"#\" class=\"btn-cta btn-white \">\r\n\t\t\t <span>MB KOP<\/span>\r\n\t\t  <\/a>\r\n\r\n\t\t              <\/div>\r\n         \r\n      <\/div>\r\n   <\/div>\r\n<\/div>\t\t<\/div>\n\t\t\t\t<\/div>\n\t\t\t\t\t<\/div>\n\t\t<\/div>\n\t\t\t\t\t\t\t<\/div>\n\t\t<\/section>\n\t\t\t\t\t<\/div>\n\t\t<\/div>\n\t\t\t\t\t\t\t<\/div>\n\t\t<\/section>\n\t\t\t\t<section class=\"elementor-section elementor-top-section elementor-element elementor-element-13b719b elementor-section-boxed elementor-section-height-default elementor-section-height-default row-top\" data-id=\"13b719b\" data-element_type=\"section\">\n\t\t\t\t\t\t<div class=\"elementor-container elementor-column-gap-default\">\n\t\t\t\t\t<div class=\"elementor-column elementor-col-100 elementor-top-column elementor-element elementor-element-20d6c6e column-style-top\" data-id=\"20d6c6e\" data-element_type=\"column\">\n\t\t\t<div class=\"elementor-widget-wrap\">\n\t\t\t\t\t\t\t\t\t<\/div>\n\t\t<\/div>\n\t\t\t\t\t\t\t<\/div>\n\t\t<\/section>\n\t\t\t\t\t\t<\/div>\n\t\t\t\t\t<\/div>\n\t\t","protected":false},"excerpt":{"rendered":"<p>Nasza firma Oferuje szereg us\u0142ug: &#8211; Niwelacja terenu&#8211; Budowa dr\u00f3g do posesji&#8211; Wykopy pod przy\u0142\u0105cza&#8211; Kopanie fundament\u00f3w&#8211; Wykopy pod oczyszczalnie etc.&#8211; Rozbi\u00f3rki&#8211; Wiele, wiele innych Pracujemy na Profesjonalnym sprz\u0119cie Koparka g\u0105sienicowa LIEBHERR 924 Koparka New Holland LB 115 Transport Zaufaj ekspertom MB KOP<\/p>\n","protected":false},"author":1,"featured_media":0,"parent":0,"menu_order":0,"comment_status":"closed","ping_status":"closed","template":"","meta":[],"_links":{"self":[{"href":"https:\/\/mbkop.pl\/index.php\/wp-json\/wp\/v2\/pages\/216"}],"collection":[{"href":"https:\/\/mbkop.pl\/index.php\/wp-json\/wp\/v2\/pages"}],"about":[{"href":"https:\/\/mbkop.pl\/index.php\/wp-json\/wp\/v2\/types\/page"}],"author":[{"embeddable":true,"href":"https:\/\/mbkop.pl\/index.php\/wp-json\/wp\/v2\/users\/1"}],"replies":[{"embeddable":true,"href":"https:\/\/mbkop.pl\/index.php\/wp-json\/wp\/v2\/comments?post=216"}],"version-history":[{"count":16,"href":"https:\/\/mbkop.pl\/index.php\/wp-json\/wp\/v2\/pages\/216\/revisions"}],"predecessor-version":[{"id":1070,"href":"https:\/\/mbkop.pl\/index.php\/wp-json\/wp\/v2\/pages\/216\/revisions\/1070"}],"wp:attachment":[{"href":"https:\/\/mbkop.pl\/index.php\/wp-json\/wp\/v2\/media?parent=216"}],"curies":[{"name":"wp","href":"https:\/\/api.w.org\/{rel}","templated":true}]}}